{"id":94,"date":"2025-07-04T14:58:41","date_gmt":"2025-07-04T14:58:41","guid":{"rendered":"https:\/\/shop.tartegnin.com\/?post_type=product&#038;p=94"},"modified":"2026-01-17T08:40:27","modified_gmt":"2026-01-17T08:40:27","slug":"pinot-noir","status":"publish","type":"product","link":"https:\/\/shop.tartegnin.com\/en\/product\/pinot-noir\/","title":{"rendered":"Pinot noir 2024"},"content":{"rendered":"<p><strong>Pinot Noir Grand Cru 2024<\/strong><br \/>\nPinot Noir is grown with respect for nature, on light, gravelly soil. This Burgundy grape variety has found a perfect place to express itself on our slopes of ancient glacial moraine. A fruity, supple and elegant wine with silky, smooth tannins.<\/p>","protected":false},"excerpt":{"rendered":"<p>Pinot Noir Grand Cru 2024 Le Pinot Noir est cultiv\u00e9 dans le respect de la nature, il est produit sur un sol l\u00e9ger et graveleux. Un c\u00e9page venu de la Bourgogne a trouv\u00e9 sur nos coteaux d\u2019ancienne moraine glaciaire, un endroit propice pour s\u2019exprimer. Un vin fruit\u00e9, souple et \u00e9l\u00e9gant avec des tanins soyeux et [&hellip;]<\/p>\n","protected":false},"featured_media":6746,"template":"","meta":[],"product_cat":[17],"product_tag":[27,26,24,25],"class_list":{"0":"post-94","1":"product","2":"type-product","3":"status-publish","4":"has-post-thumbnail","6":"product_cat-rouge","7":"product_tag-aperitif","8":"product_tag-grillades","9":"product_tag-pates","10":"product_tag-viandes-blanche","11":"pa_accords-gibier-a-plumes-caille-canard-pigeon","12":"pa_accords-pates","13":"pa_accords-pizzas","14":"pa_accords-plats-a-base-de-champignons","15":"pa_accords-viandes-blanches","16":"pa_cepages-pinot-noir","17":"pa_consommation-1-a-4-ans","18":"pa_contenance-50-cl","19":"pa_contenance-75-cl","20":"pa_style-de-vin-elegant","21":"pa_style-de-vin-fruite","22":"pa_style-de-vin-fruits-rouge","23":"pa_style-de-vin-souple","24":"pa_style-de-vin-tanins-soyeux","25":"pa_teneur-en-alcool-13-5","27":"first","28":"instock","29":"shipping-taxable","30":"purchasable","31":"product-type-variable","32":"has-default-attributes"},"_links":{"self":[{"href":"https:\/\/shop.tartegnin.com\/en\/wp-json\/wp\/v2\/product\/94","targetHints":{"allow":["GET"]}}],"collection":[{"href":"https:\/\/shop.tartegnin.com\/en\/wp-json\/wp\/v2\/product"}],"about":[{"href":"https:\/\/shop.tartegnin.com\/en\/wp-json\/wp\/v2\/types\/product"}],"wp:featuredmedia":[{"embeddable":true,"href":"https:\/\/shop.tartegnin.com\/en\/wp-json\/wp\/v2\/media\/6746"}],"wp:attachment":[{"href":"https:\/\/shop.tartegnin.com\/en\/wp-json\/wp\/v2\/media?parent=94"}],"wp:term":[{"taxonomy":"product_cat","embeddable":true,"href":"https:\/\/shop.tartegnin.com\/en\/wp-json\/wp\/v2\/product_cat?post=94"},{"taxonomy":"product_tag","embeddable":true,"href":"https:\/\/shop.tartegnin.com\/en\/wp-json\/wp\/v2\/product_tag?post=94"}],"curies":[{"name":"wp","href":"https:\/\/api.w.org\/{rel}","templated":true}]}}