{"id":6640,"date":"2025-08-16T20:54:19","date_gmt":"2025-08-16T20:54:19","guid":{"rendered":"https:\/\/shop.tartegnin.com\/?post_type=product&#038;p=6640"},"modified":"2026-02-03T16:53:56","modified_gmt":"2026-02-03T16:53:56","slug":"oeil-de-perdrix","status":"publish","type":"product","link":"https:\/\/shop.tartegnin.com\/en\/product\/oeil-de-perdrix\/","title":{"rendered":"\u0152il de Perdrix 2025"},"content":{"rendered":"<p><strong>\u0152il de Perdrix Tartegnin 2025<\/strong><br \/>\nThe Ros\u00e9 is grown with respect for nature, on light, gravelly soil. Made from 100% Pinot Noir either by white pressing or by \"bleeding\" directly from the Pinot Noir vat after a 12-hour cold maceration. A fruity, supple wine with a soft finish.<\/p>","protected":false},"excerpt":{"rendered":"<p>\u0152il de Perdrix Tartegnin 2025 Le Ros\u00e9 est cultiv\u00e9 dans le respect de la nature, il est produit sur un sol l\u00e9ger et graveleux. Issu \u00e0 100% de Pinot Noir soit par pressurage en blanc ou par \u00ab\u00a0saign\u00e9e\u00a0\u00bb directement de la cuve de Pinot Noir apr\u00e8s une mac\u00e9ration \u00e0 froid de 12h. Un vin fruit\u00e9, [&hellip;]<\/p>\n","protected":false},"featured_media":6751,"template":"","meta":[],"product_cat":[59],"product_tag":[],"class_list":{"0":"post-6640","1":"product","2":"type-product","3":"status-publish","4":"has-post-thumbnail","6":"product_cat-rose","7":"product_shipping_class-domestic","8":"pa_accords-aperitif","9":"pa_accords-legumes-grilles","10":"pa_accords-poissons","11":"pa_accords-tapas","12":"pa_accords-viandes","13":"pa_cepages-pinot-noir","14":"pa_consommation-1-a-3-ans","15":"pa_contenance-50-cl","16":"pa_contenance-75-cl","17":"pa_style-de-vin-frais","18":"pa_style-de-vin-fruite","19":"pa_style-de-vin-fruits-rouge","20":"pa_style-de-vin-souple","21":"pa_style-de-vin-tendre","22":"pa_teneur-en-alcool-13-5","24":"first","25":"instock","26":"shipping-taxable","27":"purchasable","28":"product-type-variable","29":"has-default-attributes"},"_links":{"self":[{"href":"https:\/\/shop.tartegnin.com\/en\/wp-json\/wp\/v2\/product\/6640","targetHints":{"allow":["GET"]}}],"collection":[{"href":"https:\/\/shop.tartegnin.com\/en\/wp-json\/wp\/v2\/product"}],"about":[{"href":"https:\/\/shop.tartegnin.com\/en\/wp-json\/wp\/v2\/types\/product"}],"wp:featuredmedia":[{"embeddable":true,"href":"https:\/\/shop.tartegnin.com\/en\/wp-json\/wp\/v2\/media\/6751"}],"wp:attachment":[{"href":"https:\/\/shop.tartegnin.com\/en\/wp-json\/wp\/v2\/media?parent=6640"}],"wp:term":[{"taxonomy":"product_cat","embeddable":true,"href":"https:\/\/shop.tartegnin.com\/en\/wp-json\/wp\/v2\/product_cat?post=6640"},{"taxonomy":"product_tag","embeddable":true,"href":"https:\/\/shop.tartegnin.com\/en\/wp-json\/wp\/v2\/product_tag?post=6640"}],"curies":[{"name":"wp","href":"https:\/\/api.w.org\/{rel}","templated":true}]}}