{"id":6633,"date":"2025-08-16T20:48:35","date_gmt":"2025-08-16T20:48:35","guid":{"rendered":"https:\/\/shop.tartegnin.com\/?post_type=product&#038;p=6633"},"modified":"2026-02-11T19:15:31","modified_gmt":"2026-02-11T19:15:31","slug":"pinot-blanc","status":"publish","type":"product","link":"https:\/\/shop.tartegnin.com\/en\/product\/pinot-blanc\/","title":{"rendered":"Pinot Blanc 2024"},"content":{"rendered":"<p><strong>Pinot Blanc Grand Cru 2024<\/strong><br \/>\nPinot Blanc is grown with respect for nature, on light, sandy soil. It is the white variety of Pinot Noir, identified as early as 1895. It produces a warm wine with discreet aromas of lemon, grapefruit and even white peach, depending on the vintage.<\/p>","protected":false},"excerpt":{"rendered":"<p>Pinot Blanc Grand Cru 2024 Le Pinot Blanc est cultiv\u00e9 dans le respect de la nature, il est produit sur un sol l\u00e9ger et sablonneux. C\u2019est la vari\u00e9t\u00e9 blanche du Pinot Noir identifi\u00e9e d\u00e8s 1895. Il donne un vin chaleureux aux ar\u00f4mes discrets de citron et pamplemousse voir p\u00eache blanche selon les mill\u00e9simes.<\/p>","protected":false},"featured_media":6750,"template":"","meta":[],"product_cat":[58],"product_tag":[],"class_list":{"0":"post-6633","1":"product","2":"type-product","3":"status-publish","4":"has-post-thumbnail","6":"product_cat-blanc","7":"product_shipping_class-domestic","8":"pa_accords-fromages-doux","9":"pa_accords-plats-a-base-doeufs-oeufs-cocotte-omelettes-quiches","10":"pa_accords-poissons","11":"pa_accords-viandes-blanches","12":"pa_accords-volaille","13":"pa_cepages-pinot-blanc","14":"pa_consommation-1-a-3-ans","15":"pa_contenance-75-cl","16":"pa_style-de-vin-acidite-fine","17":"pa_style-de-vin-aromes-agrumes","18":"pa_style-de-vin-fleurs-blanches","19":"pa_style-de-vin-frais","20":"pa_teneur-en-alcool-123","22":"first","23":"instock","24":"shipping-taxable","25":"purchasable","26":"product-type-simple"},"_links":{"self":[{"href":"https:\/\/shop.tartegnin.com\/en\/wp-json\/wp\/v2\/product\/6633","targetHints":{"allow":["GET"]}}],"collection":[{"href":"https:\/\/shop.tartegnin.com\/en\/wp-json\/wp\/v2\/product"}],"about":[{"href":"https:\/\/shop.tartegnin.com\/en\/wp-json\/wp\/v2\/types\/product"}],"wp:featuredmedia":[{"embeddable":true,"href":"https:\/\/shop.tartegnin.com\/en\/wp-json\/wp\/v2\/media\/6750"}],"wp:attachment":[{"href":"https:\/\/shop.tartegnin.com\/en\/wp-json\/wp\/v2\/media?parent=6633"}],"wp:term":[{"taxonomy":"product_cat","embeddable":true,"href":"https:\/\/shop.tartegnin.com\/en\/wp-json\/wp\/v2\/product_cat?post=6633"},{"taxonomy":"product_tag","embeddable":true,"href":"https:\/\/shop.tartegnin.com\/en\/wp-json\/wp\/v2\/product_tag?post=6633"}],"curies":[{"name":"wp","href":"https:\/\/api.w.org\/{rel}","templated":true}]}}