{"id":66,"date":"2025-07-02T19:48:57","date_gmt":"2025-07-02T19:48:57","guid":{"rendered":"https:\/\/shop.tartegnin.com\/?post_type=product&#038;p=66"},"modified":"2026-02-05T21:40:01","modified_gmt":"2026-02-05T21:40:01","slug":"divico","status":"publish","type":"product","link":"https:\/\/shop.tartegnin.com\/en\/product\/divico\/","title":{"rendered":"Divico Grand Cru R\u00e9serve 2024"},"content":{"rendered":"<p><strong>Divico, Grand Cru R\u00e9serve 2024<\/strong><\/p>\n<p>Divico is grown organically on clay soil. The result of a natural cross between Gamaret and Bronner, Divico is the first grape variety resistant to the main vine diseases.<br \/>\nA structured, powerful wine with an intense colour and purple highlights. Its bouquet is characterised by fruity, floral and spicy notes.<br \/>\nAged in oak barrels for 12 months, this wine is rounded and complex.<\/p>","protected":false},"excerpt":{"rendered":"<p>Divico, Grand Cru R\u00e9serve 2024 Le Divico est cultiv\u00e9 en production Biologique, sur un sol argileux. Issu d\u2019un croisement naturel entre le Gamaret et le Bronner, le Divico devient ainsi le premier c\u00e9page r\u00e9sistant aux principales maladies de la vigne. Vin structur\u00e9 et puissant de couleur intense avec des reflets violac\u00e9s. Bouquet caracteris\u00e9 par des [&hellip;]<\/p>\n","protected":false},"featured_media":6761,"template":"","meta":[],"product_cat":[17],"product_tag":[19,20,18],"class_list":{"0":"post-66","1":"product","2":"type-product","3":"status-publish","4":"has-post-thumbnail","6":"product_cat-rouge","7":"product_tag-agneau","8":"product_tag-fromages","9":"product_tag-viandes-rouges","10":"pa_accords-chasse","11":"pa_accords-cuisine-asiatique","12":"pa_accords-fromages","13":"pa_accords-fromages-corses","14":"pa_accords-plats-en-sauce","15":"pa_accords-plats-mijotes","16":"pa_accords-risotto","17":"pa_accords-viandes-rouges","18":"pa_cepages-divico","19":"pa_consommation-2-a-8-ans","20":"pa_contenance-75-cl","21":"pa_style-de-vin-epice","22":"pa_style-de-vin-floral","23":"pa_style-de-vin-fruite","24":"pa_style-de-vin-rondeur","25":"pa_teneur-en-alcool-105","27":"first","28":"instock","29":"shipping-taxable","30":"purchasable","31":"product-type-simple"},"_links":{"self":[{"href":"https:\/\/shop.tartegnin.com\/en\/wp-json\/wp\/v2\/product\/66","targetHints":{"allow":["GET"]}}],"collection":[{"href":"https:\/\/shop.tartegnin.com\/en\/wp-json\/wp\/v2\/product"}],"about":[{"href":"https:\/\/shop.tartegnin.com\/en\/wp-json\/wp\/v2\/types\/product"}],"wp:featuredmedia":[{"embeddable":true,"href":"https:\/\/shop.tartegnin.com\/en\/wp-json\/wp\/v2\/media\/6761"}],"wp:attachment":[{"href":"https:\/\/shop.tartegnin.com\/en\/wp-json\/wp\/v2\/media?parent=66"}],"wp:term":[{"taxonomy":"product_cat","embeddable":true,"href":"https:\/\/shop.tartegnin.com\/en\/wp-json\/wp\/v2\/product_cat?post=66"},{"taxonomy":"product_tag","embeddable":true,"href":"https:\/\/shop.tartegnin.com\/en\/wp-json\/wp\/v2\/product_tag?post=66"}],"curies":[{"name":"wp","href":"https:\/\/api.w.org\/{rel}","templated":true}]}}