{"id":6626,"date":"2025-08-16T20:36:28","date_gmt":"2025-08-16T20:36:28","guid":{"rendered":"https:\/\/shop.tartegnin.com\/?post_type=product&#038;p=6626"},"modified":"2026-02-03T16:57:21","modified_gmt":"2026-02-03T16:57:21","slug":"merlot","status":"publish","type":"product","link":"http:\/\/shop.tartegnin.com\/en\/product\/merlot\/","title":{"rendered":"Merlot Grand Cru R\u00e9serve 2023"},"content":{"rendered":"<p><strong>Merlot, Grand Cru R\u00e9serve 2023<\/strong><br \/>\nMerlot is grown with respect for nature, in gravelly soils. A typical Bordeaux grape variety, it has been planted in Switzerland (Ticino) since 1907. We have found a favourable microclimate for it in the Tartegnin terroir. To get the best out of it, we limit production to 600g\/m2, then age it for 20 months in oak barrels, giving it suppleness and great aromatic complexity, with fine, silky tannins.<\/p>\n<p><strong>Aged in barrels :<\/strong> 20 months<\/p>","protected":false},"excerpt":{"rendered":"<p>Merlot, Grand Cru R\u00e9serve 2023 Le Merlot est cultiv\u00e9 dans le respect de la nature, il est produit sur des sols plut\u00f4t graveleux. C\u00e9page typique bordelais, implant\u00e9 depuis 1907 en Suisse (Tessin). Nous lui avons trouv\u00e9 un micro climat favorable sur le terroir de Tartegnin. Afin d\u2019en tirer le meilleur potentiel, nous limitons sa production [&hellip;]<\/p>\n","protected":false},"featured_media":6753,"template":"","meta":[],"product_cat":[17],"product_tag":[],"class_list":{"0":"post-6626","1":"product","2":"type-product","3":"status-publish","4":"has-post-thumbnail","6":"product_cat-rouge","7":"product_shipping_class-domestic","8":"pa_accords-charcuterie","9":"pa_accords-chasse","10":"pa_accords-cuisine-asiatique","11":"pa_accords-fromages","12":"pa_accords-plats-en-sauce","13":"pa_accords-plats-epices","14":"pa_accords-plats-mijotes","15":"pa_accords-plats-releves","16":"pa_accords-risotto-aux-chanterelles","17":"pa_cepages-merlot","18":"pa_contenance-140-cl","19":"pa_contenance-75-cl","20":"pa_style-de-vin-complexite-aromatique","21":"pa_style-de-vin-fruite","22":"pa_style-de-vin-fruits-noir","23":"pa_style-de-vin-genereux","24":"pa_style-de-vin-puissant","25":"pa_style-de-vin-riche","27":"first","28":"instock","29":"shipping-taxable","30":"purchasable","31":"product-type-variable","32":"has-default-attributes"},"_links":{"self":[{"href":"http:\/\/shop.tartegnin.com\/en\/wp-json\/wp\/v2\/product\/6626","targetHints":{"allow":["GET"]}}],"collection":[{"href":"http:\/\/shop.tartegnin.com\/en\/wp-json\/wp\/v2\/product"}],"about":[{"href":"http:\/\/shop.tartegnin.com\/en\/wp-json\/wp\/v2\/types\/product"}],"wp:featuredmedia":[{"embeddable":true,"href":"http:\/\/shop.tartegnin.com\/en\/wp-json\/wp\/v2\/media\/6753"}],"wp:attachment":[{"href":"http:\/\/shop.tartegnin.com\/en\/wp-json\/wp\/v2\/media?parent=6626"}],"wp:term":[{"taxonomy":"product_cat","embeddable":true,"href":"http:\/\/shop.tartegnin.com\/en\/wp-json\/wp\/v2\/product_cat?post=6626"},{"taxonomy":"product_tag","embeddable":true,"href":"http:\/\/shop.tartegnin.com\/en\/wp-json\/wp\/v2\/product_tag?post=6626"}],"curies":[{"name":"wp","href":"https:\/\/api.w.org\/{rel}","templated":true}]}}