{"id":6625,"date":"2025-08-16T20:36:27","date_gmt":"2025-08-16T20:36:27","guid":{"rendered":"https:\/\/shop.tartegnin.com\/?post_type=product&#038;p=6625"},"modified":"2026-03-19T15:46:57","modified_gmt":"2026-03-19T15:46:57","slug":"la-dme","status":"publish","type":"product","link":"http:\/\/shop.tartegnin.com\/en\/product\/la-dme\/","title":{"rendered":"R\u00e9serve de la D\u00eeme, Grand Cru 2023"},"content":{"rendered":"<p><strong>R\u00e9serve de la D\u00eeme, Grand Cru 2023<\/strong><\/p>\n<p>Cuv\u00e9e issue de Malbec \u00e0 100%<\/p>\n<p>It is grown with respect for the environment, with a yield of 450g\/m2.<\/p>\n<p>Aged in new barrels for 14 months, the result is a fruity, complex wine with fine tannins that can be kept for a long time.<\/p>\n<p>Decant for 45 minutes at 16-18\u00b0C.<\/p>\n<p><strong>Barrel ageing :\u00a0<\/strong>14 months<\/p>\n<p><strong>Tasting on 2 and 3 May 2026 at the open cellar on the estate.<\/strong><\/p>","protected":false},"excerpt":{"rendered":"<p>R\u00e9serve de la D\u00eeme, Grand Cru 2023 Cuv\u00e9e issue de Malbec \u00e0 100% Celui-ci est cultiv\u00e9 dans le respect de l\u2019environnement, avec un rendement de 450g\/m2. \u00c9lev\u00e9 en barrique neuve durant 14 mois, cet \u00e9levage nous a permis d\u2019obtenir un vin fruit\u00e9 et complexe, avec des tanins fins, permettant une excellente garde. D\u00e9canter en carafe [&hellip;]<\/p>\n","protected":false},"featured_media":6755,"template":"","meta":[],"product_cat":[17],"product_tag":[],"class_list":{"0":"post-6625","1":"product","2":"type-product","3":"status-publish","4":"has-post-thumbnail","6":"product_cat-rouge","7":"product_shipping_class-domestic","8":"pa_accords-charcuterie","9":"pa_accords-chasse","10":"pa_accords-cuisine-asiatique","11":"pa_accords-fromages","12":"pa_accords-plats-en-sauce","13":"pa_accords-plats-epices","14":"pa_accords-plats-mijotes","15":"pa_accords-plats-releves","16":"pa_accords-risotto","17":"pa_accords-viandes-rouges","18":"pa_cepages-cabernet-franc","19":"pa_consommation-2-a-10-ans","20":"pa_contenance-75-cl","21":"pa_style-de-vin-complexite-aromatique","22":"pa_style-de-vin-fruite","23":"pa_style-de-vin-tanins-fins","25":"first","26":"outofstock","27":"shipping-taxable","28":"purchasable","29":"product-type-simple"},"_links":{"self":[{"href":"http:\/\/shop.tartegnin.com\/en\/wp-json\/wp\/v2\/product\/6625","targetHints":{"allow":["GET"]}}],"collection":[{"href":"http:\/\/shop.tartegnin.com\/en\/wp-json\/wp\/v2\/product"}],"about":[{"href":"http:\/\/shop.tartegnin.com\/en\/wp-json\/wp\/v2\/types\/product"}],"wp:featuredmedia":[{"embeddable":true,"href":"http:\/\/shop.tartegnin.com\/en\/wp-json\/wp\/v2\/media\/6755"}],"wp:attachment":[{"href":"http:\/\/shop.tartegnin.com\/en\/wp-json\/wp\/v2\/media?parent=6625"}],"wp:term":[{"taxonomy":"product_cat","embeddable":true,"href":"http:\/\/shop.tartegnin.com\/en\/wp-json\/wp\/v2\/product_cat?post=6625"},{"taxonomy":"product_tag","embeddable":true,"href":"http:\/\/shop.tartegnin.com\/en\/wp-json\/wp\/v2\/product_tag?post=6625"}],"curies":[{"name":"wp","href":"https:\/\/api.w.org\/{rel}","templated":true}]}}