{"id":6621,"date":"2025-08-16T20:26:24","date_gmt":"2025-08-16T20:26:24","guid":{"rendered":"https:\/\/shop.tartegnin.com\/?post_type=product&#038;p=6621"},"modified":"2025-10-25T09:21:56","modified_gmt":"2025-10-25T09:21:56","slug":"assemblage","status":"publish","type":"product","link":"http:\/\/shop.tartegnin.com\/en\/product\/assemblage\/","title":{"rendered":"2024 Assemblage"},"content":{"rendered":"<p><strong>Chantemerle Assemblage Tartegnin 2024<\/strong><\/p>\n<p>Chantemerle Assemblage is grown with respect for nature, on soils that vary from gravelly-sandy to clay-limestone, depending on the grape variety. Made from Pinot Noir, Gamay, Garanoir and Merlot grapes, it is supple, rich and fruity with fine tannins, a composition that brings together the advantages of each grape variety.<\/p>","protected":false},"excerpt":{"rendered":"<p>Chantemerle Assemblage Tartegnin 2024 Le Chantemerle Assemblage est cultiv\u00e9 dans le respect de la nature, il est produit sur des sols qui varient selon les c\u00e9pages entre graveleux-sableux et argileux-calcaire. Issu de Pinot Noir, Gamay, Garanoir et Merlot, souple, riche, fruit\u00e9 avec des tanins fins, une composition permettant de r\u00e9unir les avantages de chaque c\u00e9page.<\/p>","protected":false},"featured_media":6769,"template":"","meta":[],"product_cat":[17],"product_tag":[],"class_list":{"0":"post-6621","1":"product","2":"type-product","3":"status-publish","4":"has-post-thumbnail","6":"product_cat-rouge","7":"product_shipping_class-domestic","8":"pa_accords-chasse","9":"pa_accords-fromages","10":"pa_accords-grillades","11":"pa_accords-pates","12":"pa_accords-risotto","13":"pa_accords-viandes-blanches","14":"pa_accords-viandes-rouges","15":"pa_cepages-gamay","16":"pa_cepages-garanoir","17":"pa_cepages-merlot","18":"pa_cepages-pinot-noir","19":"pa_consommation-1-a-5-ans","20":"pa_contenance-50-cl","21":"pa_contenance-75-cl","22":"pa_style-de-vin-fruite","23":"pa_style-de-vin-riche","24":"pa_style-de-vin-souple","25":"pa_style-de-vin-tanins-fins","26":"pa_teneur-en-alcool-13-5","28":"first","29":"instock","30":"shipping-taxable","31":"purchasable","32":"product-type-variable","33":"has-default-attributes"},"_links":{"self":[{"href":"http:\/\/shop.tartegnin.com\/en\/wp-json\/wp\/v2\/product\/6621","targetHints":{"allow":["GET"]}}],"collection":[{"href":"http:\/\/shop.tartegnin.com\/en\/wp-json\/wp\/v2\/product"}],"about":[{"href":"http:\/\/shop.tartegnin.com\/en\/wp-json\/wp\/v2\/types\/product"}],"wp:featuredmedia":[{"embeddable":true,"href":"http:\/\/shop.tartegnin.com\/en\/wp-json\/wp\/v2\/media\/6769"}],"wp:attachment":[{"href":"http:\/\/shop.tartegnin.com\/en\/wp-json\/wp\/v2\/media?parent=6621"}],"wp:term":[{"taxonomy":"product_cat","embeddable":true,"href":"http:\/\/shop.tartegnin.com\/en\/wp-json\/wp\/v2\/product_cat?post=6621"},{"taxonomy":"product_tag","embeddable":true,"href":"http:\/\/shop.tartegnin.com\/en\/wp-json\/wp\/v2\/product_tag?post=6621"}],"curies":[{"name":"wp","href":"https:\/\/api.w.org\/{rel}","templated":true}]}}