{"id":6638,"date":"2025-08-16T20:54:19","date_gmt":"2025-08-16T20:54:19","guid":{"rendered":"https:\/\/shop.tartegnin.com\/?post_type=product&#038;p=6638"},"modified":"2025-10-28T19:32:46","modified_gmt":"2025-10-28T19:32:46","slug":"chantegnac","status":"publish","type":"product","link":"http:\/\/shop.tartegnin.com\/de\/produkt\/chantegnac\/","title":{"rendered":"Chantegnac"},"content":{"rendered":"<p><strong>Chantegnac<\/strong><\/p>\n<p>Feiner Brand aus alten Jahrg\u00e4ngen, die aus Wein gepresst und destilliert wurden. Er ruht 10 Jahre lang in Eichenf\u00e4ssern. Seine Bernsteinfarbe, seine Aromen von kandierten Fr\u00fcchten, Vanille und Karamell begleiten Sie zum Abschluss eines Essens.<\/p>","protected":false},"excerpt":{"rendered":"<p>Chantegnac Eau de vie fine basiert auf alten Jahrg\u00e4ngen von Wein, der geteilt und destilliert wurde. Er ruht 10 Jahre lang in Eichenf\u00e4ssern. Seine Bernsteinfarbe, seine Aromen von kandierten Fr\u00fcchten, Vanille und Karamell begleiten Sie zum Abschluss eines Essens.<\/p>","protected":false},"featured_media":6765,"template":"","meta":[],"product_cat":[83],"product_tag":[],"class_list":{"0":"post-6638","1":"product","2":"type-product","3":"status-publish","4":"has-post-thumbnail","6":"product_cat-spiritueux","7":"product_shipping_class-domestic","8":"pa_accords-aperitif","9":"pa_accords-chocolat","10":"pa_accords-fin-de-repas","11":"pa_accords-fromages-persilles","12":"pa_accords-mets-fumees","13":"pa_accords-tarte-aux-fruits","14":"pa_cepages-eau-de-vie","15":"pa_contenance-50-cl","16":"pa_style-de-vin-caramel","17":"pa_style-de-vin-fruits-confits","18":"pa_style-de-vin-vanillees","19":"pa_teneur-en-alcool-136","21":"first","22":"instock","23":"shipping-taxable","24":"purchasable","25":"product-type-simple"},"_links":{"self":[{"href":"http:\/\/shop.tartegnin.com\/de\/wp-json\/wp\/v2\/product\/6638","targetHints":{"allow":["GET"]}}],"collection":[{"href":"http:\/\/shop.tartegnin.com\/de\/wp-json\/wp\/v2\/product"}],"about":[{"href":"http:\/\/shop.tartegnin.com\/de\/wp-json\/wp\/v2\/types\/product"}],"wp:featuredmedia":[{"embeddable":true,"href":"http:\/\/shop.tartegnin.com\/de\/wp-json\/wp\/v2\/media\/6765"}],"wp:attachment":[{"href":"http:\/\/shop.tartegnin.com\/de\/wp-json\/wp\/v2\/media?parent=6638"}],"wp:term":[{"taxonomy":"product_cat","embeddable":true,"href":"http:\/\/shop.tartegnin.com\/de\/wp-json\/wp\/v2\/product_cat?post=6638"},{"taxonomy":"product_tag","embeddable":true,"href":"http:\/\/shop.tartegnin.com\/de\/wp-json\/wp\/v2\/product_tag?post=6638"}],"curies":[{"name":"wp","href":"https:\/\/api.w.org\/{rel}","templated":true}]}}