{"id":6634,"date":"2025-08-16T20:48:35","date_gmt":"2025-08-16T20:48:35","guid":{"rendered":"https:\/\/shop.tartegnin.com\/?post_type=product&#038;p=6634"},"modified":"2025-10-28T19:33:40","modified_gmt":"2025-10-28T19:33:40","slug":"pinot-gris","status":"publish","type":"product","link":"http:\/\/shop.tartegnin.com\/de\/produkt\/pinot-gris\/","title":{"rendered":"Pinot Gris 2023"},"content":{"rendered":"<p><strong>Pinot Gris Tartegnin 2023<\/strong><br \/>\nDer Pinot Gris wird im Einklang mit der Natur angebaut und w\u00e4chst auf einem tiefen Lehm-Kalk-Boden. Er bringt einen komplexen Wein mit einem gro\u00dfen Reichtum an Aromen, einer Note von Quitte, Zitrone und Pfirsich hervor. Ein kr\u00e4ftiger, w\u00fcrziger Wein.<\/p>","protected":false},"excerpt":{"rendered":"<p>Pinot Gris Tartegnin 2023 Der Pinot Gris wird mit Respekt vor der Natur angebaut, er w\u00e4chst auf tiefem Lehm-Kalk-Boden. Er bringt einen komplexen Wein mit einer gro\u00dfen aromatischen F\u00fclle hervor, Note von Quitte, Zitrone und Pfirsich. Ein kr\u00e4ftiger, w\u00fcrziger Wein.<\/p>","protected":false},"featured_media":6748,"template":"","meta":[],"product_cat":[58],"product_tag":[],"class_list":{"0":"post-6634","1":"product","2":"type-product","3":"status-publish","4":"has-post-thumbnail","6":"product_cat-blanc","7":"product_shipping_class-domestic","8":"pa_accords-aperitif","9":"pa_accords-asperges","10":"pa_accords-fromages-molles","11":"pa_accords-fruits-de-mer","12":"pa_accords-plats-asiatiques","13":"pa_accords-tapas","14":"pa_accords-volaille","15":"pa_cepages-pinot-gris","16":"pa_consommation-1-a-4-ans","17":"pa_contenance-50-cl","18":"pa_contenance-75-cl","19":"pa_style-de-vin-aromatique","20":"pa_style-de-vin-complexe","21":"pa_style-de-vin-epice","22":"pa_style-de-vin-puissant","23":"pa_style-de-vin-riche","24":"pa_teneur-en-alcool-123","26":"first","27":"instock","28":"shipping-taxable","29":"purchasable","30":"product-type-variable","31":"has-default-attributes"},"_links":{"self":[{"href":"http:\/\/shop.tartegnin.com\/de\/wp-json\/wp\/v2\/product\/6634","targetHints":{"allow":["GET"]}}],"collection":[{"href":"http:\/\/shop.tartegnin.com\/de\/wp-json\/wp\/v2\/product"}],"about":[{"href":"http:\/\/shop.tartegnin.com\/de\/wp-json\/wp\/v2\/types\/product"}],"wp:featuredmedia":[{"embeddable":true,"href":"http:\/\/shop.tartegnin.com\/de\/wp-json\/wp\/v2\/media\/6748"}],"wp:attachment":[{"href":"http:\/\/shop.tartegnin.com\/de\/wp-json\/wp\/v2\/media?parent=6634"}],"wp:term":[{"taxonomy":"product_cat","embeddable":true,"href":"http:\/\/shop.tartegnin.com\/de\/wp-json\/wp\/v2\/product_cat?post=6634"},{"taxonomy":"product_tag","embeddable":true,"href":"http:\/\/shop.tartegnin.com\/de\/wp-json\/wp\/v2\/product_tag?post=6634"}],"curies":[{"name":"wp","href":"https:\/\/api.w.org\/{rel}","templated":true}]}}