{"id":6632,"date":"2025-08-16T20:48:35","date_gmt":"2025-08-16T20:48:35","guid":{"rendered":"https:\/\/shop.tartegnin.com\/?post_type=product&#038;p=6632"},"modified":"2025-10-28T20:59:09","modified_gmt":"2025-10-28T20:59:09","slug":"goutte-dor","status":"publish","type":"product","link":"http:\/\/shop.tartegnin.com\/de\/produkt\/goutte-dor\/","title":{"rendered":"Goutte d'or (Goldtropfen)"},"content":{"rendered":"<p><strong>Goutte d'or (Goldtropfen)\u00a0<\/strong><br \/>\nZusammenstellung aus Pinot Gris, Chardonnay, Pinot Blanc und Gew\u00fcrztraminer. Die Trauben werden in einem trockenen Raum auf Gestelle gelegt und nach der Dehydrierung 1 bis 2 Monate lang bel\u00fcftet. Das Ergebnis ist ein nat\u00fcrlicher S\u00fc\u00dfwein mit einem gro\u00dfen Reichtum an Aromen.<\/p>","protected":false},"excerpt":{"rendered":"<p>Goutte d&rsquo;or\u00a0 Assemblage de Pinot Gris, Chardonnay, Pinot Blanc et Gew\u00fcrztraminer. Elabor\u00e9 par passerillage, les raisins sont dispos\u00e9s sur claies, dans un local sec, puis ventil\u00e9s durant 1\u00a0\u00e0\u00a02\u00a0mois, apr\u00e8s d\u00e9shydratation. Il en r\u00e9sulte un vin liquoreux naturel, d\u2019une grande richesse en ar\u00f4mes.<\/p>","protected":false},"featured_media":6756,"template":"","meta":[],"product_cat":[58],"product_tag":[],"class_list":{"0":"post-6632","1":"product","2":"type-product","3":"status-publish","4":"has-post-thumbnail","6":"product_cat-blanc","7":"product_shipping_class-domestic","8":"pa_accords-aperitif","9":"pa_accords-foie-gras","10":"pa_accords-fromages-persilles","11":"pa_accords-tarte-aux-fruits","12":"pa_cepages-chardonnay","13":"pa_cepages-gewurztraminer","14":"pa_cepages-pinot-blanc","15":"pa_cepages-pinot-gris","16":"pa_consommation-1-a-5-ans","17":"pa_contenance-37-5-cl","18":"pa_style-de-vin-aromatique","19":"pa_style-de-vin-liquoreux","20":"pa_style-de-vin-riche","21":"pa_teneur-en-alcool-102","23":"first","24":"instock","25":"shipping-taxable","26":"purchasable","27":"product-type-simple"},"_links":{"self":[{"href":"http:\/\/shop.tartegnin.com\/de\/wp-json\/wp\/v2\/product\/6632","targetHints":{"allow":["GET"]}}],"collection":[{"href":"http:\/\/shop.tartegnin.com\/de\/wp-json\/wp\/v2\/product"}],"about":[{"href":"http:\/\/shop.tartegnin.com\/de\/wp-json\/wp\/v2\/types\/product"}],"wp:featuredmedia":[{"embeddable":true,"href":"http:\/\/shop.tartegnin.com\/de\/wp-json\/wp\/v2\/media\/6756"}],"wp:attachment":[{"href":"http:\/\/shop.tartegnin.com\/de\/wp-json\/wp\/v2\/media?parent=6632"}],"wp:term":[{"taxonomy":"product_cat","embeddable":true,"href":"http:\/\/shop.tartegnin.com\/de\/wp-json\/wp\/v2\/product_cat?post=6632"},{"taxonomy":"product_tag","embeddable":true,"href":"http:\/\/shop.tartegnin.com\/de\/wp-json\/wp\/v2\/product_tag?post=6632"}],"curies":[{"name":"wp","href":"https:\/\/api.w.org\/{rel}","templated":true}]}}