{"id":6631,"date":"2025-08-16T20:48:35","date_gmt":"2025-08-16T20:48:35","guid":{"rendered":"https:\/\/shop.tartegnin.com\/?post_type=product&#038;p=6631"},"modified":"2026-01-17T08:37:57","modified_gmt":"2026-01-17T08:37:57","slug":"gewurztraminer","status":"publish","type":"product","link":"http:\/\/shop.tartegnin.com\/de\/produkt\/gewurztraminer\/","title":{"rendered":"Gew\u00fcrztraminer 2024"},"content":{"rendered":"<p><strong>Gew\u00fcrztraminer Grand Cru 2024<\/strong><br \/>\nDer Gew\u00fcrztraminer wird mit Respekt vor der Natur angebaut, er w\u00e4chst auf mineralischem Boden.<br \/>\nIm Elsass h\u00e4ufig angebaute Rebsorte, fruchtig, aromatisch, leicht s\u00fc\u00df. In der Nase Rosen, manchmal Litschi oder Honig.<\/p>","protected":false},"excerpt":{"rendered":"<p>Gew\u00fcrztraminer Grand Cru 2024 Le Gew\u00fcrztraminer est cultiv\u00e9 dans le respect de la nature, il est produit sur un sol min\u00e9ral. C\u00e9page largement cultiv\u00e9 en Alsace, fruit\u00e9, aromatique, l\u00e9g\u00e8rement doux. Au nez de rose, parfois litchi ou miel.<\/p>","protected":false},"featured_media":6757,"template":"","meta":[],"product_cat":[58],"product_tag":[],"class_list":{"0":"post-6631","1":"product","2":"type-product","3":"status-publish","4":"has-post-thumbnail","6":"product_cat-blanc","7":"product_shipping_class-domestic","8":"pa_accords-cuisine-asiatique","9":"pa_accords-foie-gras","10":"pa_accords-fromages-persilles","11":"pa_accords-tarte-aux-pommes","12":"pa_cepages-gewurztraminer","13":"pa_contenance-50-cl","14":"pa_contenance-75-cl","15":"pa_style-de-vin-aromatique","16":"pa_style-de-vin-floral","17":"pa_style-de-vin-fruite","18":"pa_style-de-vin-legerement-doux","19":"pa_teneur-en-alcool-123","21":"first","22":"instock","23":"shipping-taxable","24":"purchasable","25":"product-type-variable","26":"has-default-attributes"},"_links":{"self":[{"href":"http:\/\/shop.tartegnin.com\/de\/wp-json\/wp\/v2\/product\/6631","targetHints":{"allow":["GET"]}}],"collection":[{"href":"http:\/\/shop.tartegnin.com\/de\/wp-json\/wp\/v2\/product"}],"about":[{"href":"http:\/\/shop.tartegnin.com\/de\/wp-json\/wp\/v2\/types\/product"}],"wp:featuredmedia":[{"embeddable":true,"href":"http:\/\/shop.tartegnin.com\/de\/wp-json\/wp\/v2\/media\/6757"}],"wp:attachment":[{"href":"http:\/\/shop.tartegnin.com\/de\/wp-json\/wp\/v2\/media?parent=6631"}],"wp:term":[{"taxonomy":"product_cat","embeddable":true,"href":"http:\/\/shop.tartegnin.com\/de\/wp-json\/wp\/v2\/product_cat?post=6631"},{"taxonomy":"product_tag","embeddable":true,"href":"http:\/\/shop.tartegnin.com\/de\/wp-json\/wp\/v2\/product_tag?post=6631"}],"curies":[{"name":"wp","href":"https:\/\/api.w.org\/{rel}","templated":true}]}}