{"id":6629,"date":"2025-08-16T20:48:35","date_gmt":"2025-08-16T20:48:35","guid":{"rendered":"https:\/\/shop.tartegnin.com\/?post_type=product&#038;p=6629"},"modified":"2025-10-28T19:35:01","modified_gmt":"2025-10-28T19:35:01","slug":"chardonnay-grand-cru","status":"publish","type":"product","link":"http:\/\/shop.tartegnin.com\/de\/produkt\/chardonnay-grand-cru\/","title":{"rendered":"Chardonnay Grand Cru R\u00e9serve 2023"},"content":{"rendered":"<p><strong>Chardonnay, Grand Cru R\u00e9serve 2023<\/strong><\/p>\n<p>Der Chardonnay wird mit Respekt vor der Natur angebaut und w\u00e4chst auf einem Lehm-Kalk-Boden. Er wird 12 Monate in Eichenf\u00e4ssern vinifiziert. Entdecken Sie seine vanilligen und leicht rauchigen Aromen, fruchtig, manchmal mit exotischer Note, reich und komplex, kann er gelagert werden.<\/p>","protected":false},"excerpt":{"rendered":"<p>Chardonnay, Grand Cru R\u00e9serve 2023 Der Chardonnay wird mit Respekt vor der Natur angebaut, er w\u00e4chst auf einem ton- und kalkhaltigen Boden. Er wird 12 Monate in Eichenf\u00e4ssern vinifiziert. Entdecken Sie seine vanilligen und leicht rauchigen Aromen, fruchtig, manchmal mit einer exotischen Note, reich und komplex, kann er gelagert werden.<\/p>","protected":false},"featured_media":6763,"template":"","meta":[],"product_cat":[58],"product_tag":[],"class_list":{"0":"post-6629","1":"product","2":"type-product","3":"status-publish","4":"has-post-thumbnail","6":"product_cat-blanc","7":"product_shipping_class-domestic","8":"pa_accords-aperitif","9":"pa_accords-fromages-molles","10":"pa_accords-poissons","11":"pa_accords-viandes-blanches","12":"pa_cepages-chardonnay","13":"pa_contenance-75-cl","14":"pa_style-de-vin-complexe","15":"pa_style-de-vin-frais","16":"pa_style-de-vin-fruite","17":"pa_style-de-vin-legerement-fume","18":"pa_style-de-vin-note-exotique","19":"pa_style-de-vin-riche","20":"pa_style-de-vin-vanillees","21":"pa_teneur-en-alcool-102","23":"first","24":"instock","25":"shipping-taxable","26":"purchasable","27":"product-type-simple"},"_links":{"self":[{"href":"http:\/\/shop.tartegnin.com\/de\/wp-json\/wp\/v2\/product\/6629","targetHints":{"allow":["GET"]}}],"collection":[{"href":"http:\/\/shop.tartegnin.com\/de\/wp-json\/wp\/v2\/product"}],"about":[{"href":"http:\/\/shop.tartegnin.com\/de\/wp-json\/wp\/v2\/types\/product"}],"wp:featuredmedia":[{"embeddable":true,"href":"http:\/\/shop.tartegnin.com\/de\/wp-json\/wp\/v2\/media\/6763"}],"wp:attachment":[{"href":"http:\/\/shop.tartegnin.com\/de\/wp-json\/wp\/v2\/media?parent=6629"}],"wp:term":[{"taxonomy":"product_cat","embeddable":true,"href":"http:\/\/shop.tartegnin.com\/de\/wp-json\/wp\/v2\/product_cat?post=6629"},{"taxonomy":"product_tag","embeddable":true,"href":"http:\/\/shop.tartegnin.com\/de\/wp-json\/wp\/v2\/product_tag?post=6629"}],"curies":[{"name":"wp","href":"https:\/\/api.w.org\/{rel}","templated":true}]}}