{"id":6624,"date":"2025-08-16T20:36:27","date_gmt":"2025-08-16T20:36:27","guid":{"rendered":"https:\/\/shop.tartegnin.com\/?post_type=product&#038;p=6624"},"modified":"2026-01-17T08:38:59","modified_gmt":"2026-01-17T08:38:59","slug":"gamay","status":"publish","type":"product","link":"http:\/\/shop.tartegnin.com\/de\/produkt\/gamay\/","title":{"rendered":"Gamay 2024"},"content":{"rendered":"<p><strong>Gamay Grand Cru 2024<\/strong><br \/>\nDer Gamay wird im Einklang mit der Natur angebaut. Er w\u00e4chst auf leichtem, sandig-kiesigem Boden.<br \/>\nEine Rebsorte aus dem Beaujolais, ein Wein von kr\u00e4ftiger Farbe mit violetter Seite, fruchtig, geschmeidig und elegant mit seidigen, schmelzenden Tanninen.<\/p>","protected":false},"excerpt":{"rendered":"<p>Gamay Grand Cru 2024 Le Gamay est cultiv\u00e9 dans le respect de la nature, il est produit sur un sol l\u00e9ger et sablo-graveleux. Un c\u00e9page venu du Beaujolais, un vin de couleur soutenue, c\u00f4t\u00e9 violac\u00e9, fruit\u00e9, souple et \u00e9l\u00e9gant avec des tanins soyeux et fondus.<\/p>","protected":false},"featured_media":6759,"template":"","meta":[],"product_cat":[17],"product_tag":[],"class_list":{"0":"post-6624","1":"product","2":"type-product","3":"status-publish","4":"has-post-thumbnail","6":"product_cat-rouge","7":"product_shipping_class-domestic","8":"pa_accords-charcuterie","9":"pa_accords-fromages-molles","10":"pa_accords-legumes-grilles","11":"pa_accords-viandes-blanches","12":"pa_accords-viandes-rouges","13":"pa_cepages-gamay","14":"pa_consommation-1-a-4-ans","15":"pa_contenance-75-cl","16":"pa_style-de-vin-frais","17":"pa_style-de-vin-fruite","18":"pa_style-de-vin-juteux","19":"pa_style-de-vin-leger","20":"pa_style-de-vin-tanins-soyeux","21":"pa_teneur-en-alcool-13-5","23":"first","24":"instock","25":"shipping-taxable","26":"purchasable","27":"product-type-simple"},"_links":{"self":[{"href":"http:\/\/shop.tartegnin.com\/de\/wp-json\/wp\/v2\/product\/6624","targetHints":{"allow":["GET"]}}],"collection":[{"href":"http:\/\/shop.tartegnin.com\/de\/wp-json\/wp\/v2\/product"}],"about":[{"href":"http:\/\/shop.tartegnin.com\/de\/wp-json\/wp\/v2\/types\/product"}],"wp:featuredmedia":[{"embeddable":true,"href":"http:\/\/shop.tartegnin.com\/de\/wp-json\/wp\/v2\/media\/6759"}],"wp:attachment":[{"href":"http:\/\/shop.tartegnin.com\/de\/wp-json\/wp\/v2\/media?parent=6624"}],"wp:term":[{"taxonomy":"product_cat","embeddable":true,"href":"http:\/\/shop.tartegnin.com\/de\/wp-json\/wp\/v2\/product_cat?post=6624"},{"taxonomy":"product_tag","embeddable":true,"href":"http:\/\/shop.tartegnin.com\/de\/wp-json\/wp\/v2\/product_tag?post=6624"}],"curies":[{"name":"wp","href":"https:\/\/api.w.org\/{rel}","templated":true}]}}