{"id":6622,"date":"2025-08-16T20:26:24","date_gmt":"2025-08-16T20:26:24","guid":{"rendered":"https:\/\/shop.tartegnin.com\/?post_type=product&#038;p=6622"},"modified":"2025-10-28T19:36:15","modified_gmt":"2025-10-28T19:36:15","slug":"gamaret","status":"publish","type":"product","link":"http:\/\/shop.tartegnin.com\/de\/produkt\/gamaret\/","title":{"rendered":"Gamaret Grand Cru R\u00e9serve 2023"},"content":{"rendered":"<p><strong>Gamaret Grand Cru R\u00e9serve 2023<\/strong><\/p>\n<p>Der Gamaret wird im Einklang mit der Natur angebaut und w\u00e4chst auf eher kiesigen B\u00f6den. Der Gamaret wurde in den 1970er Jahren kreiert und ist eine nat\u00fcrliche Kreuzung zwischen Gamay und Reichensteiner. Er hat eine intensive Farbe mit violetten Reflexen. Man assoziiert mit ihm einen Duft von wilden Fr\u00fcchten, der durch w\u00fcrzige Noten aufgewertet wird. Ein 12-monatiger Ausbau in Eichenf\u00e4ssern verleiht ihm Rundheit und aromatische Komplexit\u00e4t.<\/p>","protected":false},"excerpt":{"rendered":"<p>Gamaret Grand Cru R\u00e9serve 2023 Le Gamaret est cultiv\u00e9 dans le respect de la nature, il est produit sur des sols plut\u00f4t graveleux. Cr\u00e9\u00e9 dans les ann\u00e9es 1970, le Gamaret est issu d\u2019un croissement naturel entre le Gamay et le Reichensteiner. De couleur intense avec des reflets violac\u00e9s, on lui associe une senteur de fruits [&hellip;]<\/p>\n","protected":false},"featured_media":6760,"template":"","meta":[],"product_cat":[17],"product_tag":[],"class_list":{"0":"post-6622","1":"product","2":"type-product","3":"status-publish","4":"has-post-thumbnail","6":"product_cat-rouge","7":"product_shipping_class-domestic","8":"pa_accords-chasse","9":"pa_accords-fromages","10":"pa_accords-viandes-blanches","11":"pa_accords-viandes-rouges","12":"pa_cepages-gamaret","13":"pa_consommation-1-a-8-ans","14":"pa_contenance-75-cl","15":"pa_style-de-vin-complexite-aromatique","16":"pa_style-de-vin-epice","17":"pa_style-de-vin-fruits-noir","18":"pa_style-de-vin-riche","19":"pa_teneur-en-alcool-13-5","21":"first","22":"instock","23":"shipping-taxable","24":"purchasable","25":"product-type-simple"},"_links":{"self":[{"href":"http:\/\/shop.tartegnin.com\/de\/wp-json\/wp\/v2\/product\/6622","targetHints":{"allow":["GET"]}}],"collection":[{"href":"http:\/\/shop.tartegnin.com\/de\/wp-json\/wp\/v2\/product"}],"about":[{"href":"http:\/\/shop.tartegnin.com\/de\/wp-json\/wp\/v2\/types\/product"}],"wp:featuredmedia":[{"embeddable":true,"href":"http:\/\/shop.tartegnin.com\/de\/wp-json\/wp\/v2\/media\/6760"}],"wp:attachment":[{"href":"http:\/\/shop.tartegnin.com\/de\/wp-json\/wp\/v2\/media?parent=6622"}],"wp:term":[{"taxonomy":"product_cat","embeddable":true,"href":"http:\/\/shop.tartegnin.com\/de\/wp-json\/wp\/v2\/product_cat?post=6622"},{"taxonomy":"product_tag","embeddable":true,"href":"http:\/\/shop.tartegnin.com\/de\/wp-json\/wp\/v2\/product_tag?post=6622"}],"curies":[{"name":"wp","href":"https:\/\/api.w.org\/{rel}","templated":true}]}}